{"id":5,"date":"2018-05-28T07:36:47","date_gmt":"2018-05-28T07:36:47","guid":{"rendered":"http:\/\/www.filium.cz\/novy\/?page_id=5"},"modified":"2026-02-14T16:59:49","modified_gmt":"2026-02-14T16:59:49","slug":"hlavni-strana","status":"publish","type":"page","link":"https:\/\/www.filium.cz\/","title":{"rendered":"Textiln\u00ed galanterie Filium \u2013 Praha a Plze\u0148"},"content":{"rendered":"<p>V\u00edtejte na str\u00e1nk\u00e1ch prodejen <strong>textiln\u00ed galanterie Filium v Praze a Plzni<\/strong>.<\/p>\n<p>Specializujeme se na <strong>kvalitn\u00ed galanterii a p\u0159\u00edze, pom\u016fcky pro \u0161it\u00ed, pleten\u00ed, h\u00e1\u010dkov\u00e1n\u00ed, vy\u0161\u00edv\u00e1n\u00ed a pom\u016fcky pro kreativn\u00ed tvorbu<\/strong>. Na prodejn\u00e1ch v\u00e1m s v\u00fdb\u011brem pom\u016f\u017ee odborn\u00fd person\u00e1l s praktick\u00fdmi zku\u0161enostmi.<\/p>\n<p>Na\u0161e nab\u00eddka na prodejn\u00e1ch zahrnuje<\/p>\n<ul>\n<li><strong>nej\u0161ir\u0161\u00ed kolekci ru\u010dn\u011b pletac\u00edch p\u0159\u00edz\u00ed zn. LANG YARNS v \u010cR<\/strong> \u2013 pletac\u00ed r\u00e1j s v\u00edce ne\u017e 35 druhy p\u0159\u00edz\u00ed. Kvalita <strong>made in Switzerland<\/strong>, mo\u017enost objedn\u00e1n\u00ed podle katalogu, rychl\u00e9 dodac\u00ed lh\u016fty.<\/li>\n<li><strong>nej\u0161ir\u0161\u00ed nab\u00eddka m\u00f3dn\u00edch knofl\u00edk\u016f v \u010cR<\/strong> \u2013 knofl\u00edkov\u00fd r\u00e1j s v\u00edce ne\u017e 8\u00a0000 druhy m\u00f3dn\u00edch knofl\u00edk\u016f. Zna\u010dka <strong>DILL \u2013 made in Germany<\/strong>, mo\u017enost objedn\u00e1n\u00ed podle katalogu.<\/li>\n<li>\u0161irok\u00fd sortiment ru\u010dn\u011b pletac\u00edch p\u0159\u00edz\u00ed zna\u010dek <strong>DMC, LANG, Rowan, Schoeller+Stahl a Austermann<\/strong>. Inspiraci a n\u00e1pady pro pleten\u00ed naleznete na www.pleteni.eu<\/li>\n<li><strong>nej\u0161ir\u0161\u00ed kolekci m\u00f3dn\u00edch st\u0159ih\u016f BURDA<\/strong><\/li>\n<li><strong>nej\u0161ir\u0161\u00ed nab\u00eddku pr\u00e9miov\u00fdch \u0161ic\u00edch nit\u00ed G\u00fctermann<\/strong> \u2013 univerz\u00e1ln\u00ed, profesion\u00e1ln\u00ed, vy\u0161\u00edvac\u00ed a hedv\u00e1bn\u00e9 nit\u011b, nit\u011b pro patchwork a quilting i profesion\u00e1ln\u00ed \u0159adu <strong>G\u00fctermann MARA<\/strong><\/li>\n<li>vy\u0161\u00edvac\u00ed koutek s <strong>nej\u0161ir\u0161\u00ed barevnic\u00ed vy\u0161\u00edvac\u00edch mulinek DMC<\/strong>. K dispozici jsou <strong>3 oto\u010dn\u00e9 stojany s bavlnkami DMC art. 117 Moulin\u00e9 Sp\u00e9cial<\/strong>\u00a0(500 barevn\u00fdch odst\u00edn\u016f), *art. 89 \u2013 vlna na tapiserie, art. 486 \u2013 gobel\u00ednov\u00e1 vlna, efektn\u00ed bavlnky art. 315, 317W, 417 a sat\u00e9nov\u00e1 p\u0159\u00edze art. 1008F. Nab\u00edz\u00edme tak\u00e9 vy\u0161\u00edvac\u00ed sady, gobel\u00edny a origin\u00e1ln\u00ed pom\u016fcky DMC \u2013 zna\u010dkov\u00e9 jehly, ozdobn\u00e9 n\u016f\u017eky, cestovn\u00ed ta\u0161ky, organiz\u00e9ry, <strong>luxusn\u00ed vy\u0161\u00edvac\u00ed r\u00e1me\u010dky a r\u00e1my z bukov\u00e9ho d\u0159eva<\/strong> a dal\u0161\u00ed p\u0159\u00edslu\u0161enstv\u00ed<\/li>\n<li>sortiment pom\u016fcek pro pleten\u00ed, patchwork a quilting zna\u010dek <strong>ADDI, KnitPro, PRYM a Olfa<\/strong><\/li>\n<li>sortiment kvalitn\u00edch patchworkov\u00fdch l\u00e1tek v metr\u00e1\u017ei a roz\u0161\u00ed\u0159en\u00fd sortiment p\u0159edst\u0159i\u017een\u00fdch bal\u00ed\u010dk\u016f (fat quarter, half-meter)<\/li>\n<li>\u0161irok\u00fd sortiment kor\u00e1lk\u016f a p\u0159\u00edslu\u0161enstv\u00ed pro kreativn\u00ed tvo\u0159en\u00ed<\/li>\n<li>\u0161irok\u00fd sortiment zip\u016f, pru\u017eenek a stuh<\/li>\n<\/ul>\n<h2 data-start=\"279\" data-end=\"319\">Pro dodavatele \u2013 obchodn\u00ed spolupr\u00e1ce<\/h2>\n<p data-start=\"321\" data-end=\"504\">Aktu\u00e1ln\u011b <strong data-start=\"330\" data-end=\"355\">roz\u0161i\u0159ujeme sortiment<\/strong> textiln\u00ed galanterie, p\u0159\u00edz\u00ed a souvisej\u00edc\u00edho zbo\u017e\u00ed.<br data-start=\"405\" data-end=\"408\" \/>V\u00edt\u00e1me nab\u00eddky nov\u00fdch dodavatel\u016f, jejich\u017e sortiment odpov\u00edd\u00e1 zam\u011b\u0159en\u00ed na\u0161ich kamenn\u00fdch prodejen.<\/p>\n<p data-start=\"531\" data-end=\"642\">Va\u0161e <strong data-start=\"536\" data-end=\"589\">obchodn\u00ed nab\u00eddky na zalistov\u00e1n\u00ed a logistiku zbo\u017e\u00ed<\/strong> zas\u00edlejte na e-mailovou adresu:<br data-start=\"621\" data-end=\"624\" \/><strong data-start=\"624\" data-end=\"642\"><a class=\"decorated-link cursor-pointer\" rel=\"noopener\" data-start=\"626\" data-end=\"640\">info@filium.cz<\/a><\/strong><\/p>\n<p data-start=\"644\" data-end=\"671\">Do p\u0159\u00edlohy pros\u00edm p\u0159ilo\u017ete:<\/p>\n<ul data-start=\"672\" data-end=\"769\">\n<li data-start=\"672\" data-end=\"689\">\n<p data-start=\"674\" data-end=\"689\">aktu\u00e1ln\u00ed cen\u00edk,<\/p>\n<\/li>\n<li data-start=\"690\" data-end=\"720\">\n<p data-start=\"692\" data-end=\"720\">popis nab\u00edzen\u00e9ho sortimentu,<\/p>\n<\/li>\n<li data-start=\"721\" data-end=\"750\">\n<p data-start=\"723\" data-end=\"750\">platebn\u00ed a dodac\u00ed podm\u00ednky,<\/p>\n<\/li>\n<li data-start=\"751\" data-end=\"769\">\n<p data-start=\"753\" data-end=\"769\">kontaktn\u00ed \u00fadaje.<\/p>\n<\/li>\n<\/ul>\n<p data-start=\"771\" data-end=\"900\">V\u0161echny nab\u00eddky posuzujeme individu\u00e1ln\u011b.<\/p>\n<h2>Prod\u00e1van\u00e9 zna\u010dky<\/h2>\n<p>Austermann | ADDI | Burda Style | DILL | DMC | G\u00fctermann | KnitPro | LANG YARNS | PRYM | ROWAN | Schoeller+Stahl<\/p>\n","protected":false},"excerpt":{"rendered":"<p>V\u00edtejte na str\u00e1nk\u00e1ch prodejen textiln\u00ed galanterie Filium v Praze a Plzni. Specializujeme se na kvalitn\u00ed galanterii a p\u0159\u00edze, pom\u016fcky pro \u0161it\u00ed, pleten\u00ed, h\u00e1\u010dkov\u00e1n\u00ed, vy\u0161\u00edv\u00e1n\u00ed a pom\u016fcky pro kreativn\u00ed tvorbu. Na prodejn\u00e1ch v\u00e1m s v\u00fdb\u011brem pom\u016f\u017ee odborn\u00fd person\u00e1l s praktick\u00fdmi zku\u0161enostmi. Na\u0161e nab\u00eddka na prodejn\u00e1ch zahrnuje nej\u0161ir\u0161\u00ed kolekci ru\u010dn\u011b pletac\u00edch p\u0159\u00edz\u00ed zn. LANG YARNS v \u010cR [&hellip;]<\/p>\n","protected":false},"author":1,"featured_media":0,"parent":0,"menu_order":0,"comment_status":"closed","ping_status":"closed","template":"","meta":{"footnotes":""},"class_list":["post-5","page","type-page","status-publish","hentry"],"_links":{"self":[{"href":"https:\/\/www.filium.cz\/index.php?rest_route=\/wp\/v2\/pages\/5","targetHints":{"allow":["GET"]}}],"collection":[{"href":"https:\/\/www.filium.cz\/index.php?rest_route=\/wp\/v2\/pages"}],"about":[{"href":"https:\/\/www.filium.cz\/index.php?rest_route=\/wp\/v2\/types\/page"}],"author":[{"embeddable":true,"href":"https:\/\/www.filium.cz\/index.php?rest_route=\/wp\/v2\/users\/1"}],"replies":[{"embeddable":true,"href":"https:\/\/www.filium.cz\/index.php?rest_route=%2Fwp%2Fv2%2Fcomments&post=5"}],"version-history":[{"count":17,"href":"https:\/\/www.filium.cz\/index.php?rest_route=\/wp\/v2\/pages\/5\/revisions"}],"predecessor-version":[{"id":166,"href":"https:\/\/www.filium.cz\/index.php?rest_route=\/wp\/v2\/pages\/5\/revisions\/166"}],"wp:attachment":[{"href":"https:\/\/www.filium.cz\/index.php?rest_route=%2Fwp%2Fv2%2Fmedia&parent=5"}],"curies":[{"name":"wp","href":"https:\/\/api.w.org\/{rel}","templated":true}]}}